{"id":858,"date":"2024-06-13T03:22:38","date_gmt":"2024-06-13T03:22:38","guid":{"rendered":"https:\/\/daphneimmobilier.com\/?page_id=858"},"modified":"2024-08-13T20:58:14","modified_gmt":"2024-08-13T20:58:14","slug":"politique-de-confidentialite","status":"publish","type":"page","link":"https:\/\/daphneimmobilier.com\/fr\/politique-de-confidentialite\/","title":{"rendered":"Politique de confidentialit\u00e9"},"content":{"rendered":"\t\t<div data-elementor-type=\"wp-page\" data-elementor-id=\"858\" class=\"elementor elementor-858 elementor-3\" data-elementor-post-type=\"page\">\n\t\t\t\t<div class=\"elementor-element elementor-element-b33d458 e-flex e-con-boxed e-con e-parent\" data-id=\"b33d458\" data-element_type=\"container\" data-e-type=\"container\" data-settings=\"{&quot;background_background&quot;:&quot;classic&quot;}\">\n\t\t\t\t\t<div class=\"e-con-inner\">\n\t\t\t\t\t<\/div>\n\t\t\t\t<\/div>\n\t\t<div class=\"elementor-element elementor-element-f09aec e-flex e-con-boxed e-con e-parent\" data-id=\"f09aec\" data-element_type=\"container\" data-e-type=\"container\">\n\t\t\t\t\t<div class=\"e-con-inner\">\n\t\t\t\t<div class=\"elementor-element elementor-element-3fcc08b3 elementor-widget elementor-widget-text-editor\" data-id=\"3fcc08b3\" data-element_type=\"widget\" data-e-type=\"widget\" data-widget_type=\"text-editor.default\">\n\t\t\t\t<div class=\"elementor-widget-container\">\n\t\t\t\t\t\t\t\t\t<p><strong>Qui suis-je<\/strong><\/p>\n<p>Daphne, Courtier immobilier ind\u00e9pendant. Ce site Web a uniquement pour but de vous permettre d&rsquo;entrer en contact avec moi et d&rsquo;obtenir des informations sur moi.<\/p>\n<p><strong>Avec qui je partage vos donn\u00e9es<\/strong><\/p>\n<p>Personne. Conform\u00e9ment \u00e0 notre code de d\u00e9ontologie, en tant que courtiers immobiliers au Qu\u00e9bec, il nous est interdit de partager vos coordonn\u00e9es; elles resteront toujours confidentielles. Cependant, si vous et moi sommes sur une transaction, vos informations ne seront partag\u00e9es qu&rsquo;avec l&rsquo;OACIQ (l&rsquo;organisme gouvernemental qui nous r\u00e9glemente) et l&rsquo;APCIQ, (notre association professionnelle qui nous fournit Centris pour nos inscriptions. Notez que les courtiers auront acc\u00e8s \u00e0 vos informations uniquement pour effectuer des travaux immobiliers). Un document vous sera remis pour votre signature afin de consentir \u00e0 la divulgation d&rsquo;informations \u00e0 ce sujet avant une transaction (ceci est obligatoire pour nous).<\/p>\t\t\t\t\t\t\t\t<\/div>\n\t\t\t\t<\/div>\n\t\t\t\t\t<\/div>\n\t\t\t\t<\/div>\n\t\t\t\t<\/div>\n\t\t","protected":false},"excerpt":{"rendered":"<p>Qui suis-je Daphne, Courtier immobilier ind\u00e9pendant. Ce site Web a uniquement pour but de vous permettre d&rsquo;entrer en contact avec [&hellip;]<\/p>\n","protected":false},"author":1,"featured_media":0,"parent":0,"menu_order":0,"comment_status":"closed","ping_status":"open","template":"elementor_canvas","meta":{"content-type":"","site-sidebar-layout":"default","site-content-layout":"","ast-site-content-layout":"default","site-content-style":"default","site-sidebar-style":"default","ast-global-header-display":"","ast-banner-title-visibility":"","ast-main-header-display":"","ast-hfb-above-header-display":"","ast-hfb-below-header-display":"","ast-hfb-mobile-header-display":"","site-post-title":"","ast-breadcrumbs-content":"","ast-featured-img":"","footer-sml-layout":"","theme-transparent-header-meta":"","adv-header-id-meta":"","stick-header-meta":"","header-above-stick-meta":"","header-main-stick-meta":"","header-below-stick-meta":"","astra-migrate-meta-layouts":"default","ast-page-background-enabled":"default","ast-page-background-meta":{"desktop":{"background-color":"var(--ast-global-color-4)","background-image":"","background-repeat":"repeat","background-position":"center center","background-size":"auto","background-attachment":"scroll","background-type":"","background-media":"","overlay-type":"","overlay-color":"","overlay-opacity":"","overlay-gradient":""},"tablet":{"background-color":"","background-image":"","background-repeat":"repeat","background-position":"center center","background-size":"auto","background-attachment":"scroll","background-type":"","background-media":"","overlay-type":"","overlay-color":"","overlay-opacity":"","overlay-gradient":""},"mobile":{"background-color":"","background-image":"","background-repeat":"repeat","background-position":"center center","background-size":"auto","background-attachment":"scroll","background-type":"","background-media":"","overlay-type":"","overlay-color":"","overlay-opacity":"","overlay-gradient":""}},"ast-content-background-meta":{"desktop":{"background-color":"var(--ast-global-color-5)","background-image":"","background-repeat":"repeat","background-position":"center center","background-size":"auto","background-attachment":"scroll","background-type":"","background-media":"","overlay-type":"","overlay-color":"","overlay-opacity":"","overlay-gradient":""},"tablet":{"background-color":"var(--ast-global-color-5)","background-image":"","background-repeat":"repeat","background-position":"center center","background-size":"auto","background-attachment":"scroll","background-type":"","background-media":"","overlay-type":"","overlay-color":"","overlay-opacity":"","overlay-gradient":""},"mobile":{"background-color":"var(--ast-global-color-5)","background-image":"","background-repeat":"repeat","background-position":"center center","background-size":"auto","background-attachment":"scroll","background-type":"","background-media":"","overlay-type":"","overlay-color":"","overlay-opacity":"","overlay-gradient":""}},"_joinchat":[],"footnotes":""},"class_list":["post-858","page","type-page","status-publish","hentry"],"yoast_head":"<!-- This site is optimized with the Yoast SEO plugin v27.4 - https:\/\/yoast.com\/product\/yoast-seo-wordpress\/ -->\n<title>Politique de confidentialit\u00e9 - Daphne Immobilier<\/title>\n<meta name=\"robots\" content=\"index, follow, max-snippet:-1, max-image-preview:large, max-video-preview:-1\" \/>\n<link rel=\"canonical\" href=\"https:\/\/daphneimmobilier.com\/fr\/politique-de-confidentialite\/\" \/>\n<meta property=\"og:locale\" content=\"fr_FR\" \/>\n<meta property=\"og:type\" content=\"article\" \/>\n<meta property=\"og:title\" content=\"Politique de confidentialit\u00e9 - Daphne Immobilier\" \/>\n<meta property=\"og:description\" content=\"Qui suis-je Daphne, Courtier immobilier ind\u00e9pendant. Ce site Web a uniquement pour but de vous permettre d&rsquo;entrer en contact avec [&hellip;]\" \/>\n<meta property=\"og:url\" content=\"https:\/\/daphneimmobilier.com\/fr\/politique-de-confidentialite\/\" \/>\n<meta property=\"og:site_name\" content=\"Daphne Immobilier\" \/>\n<meta property=\"article:publisher\" content=\"https:\/\/www.facebook.com\/DaphneImmobilier\" \/>\n<meta property=\"article:modified_time\" content=\"2024-08-13T20:58:14+00:00\" \/>\n<meta property=\"og:image\" content=\"https:\/\/daphneimmobilier.com\/wp-content\/uploads\/2024\/07\/Logo-2-Gold-no-background-279x383.png\" \/>\n<meta name=\"twitter:card\" content=\"summary_large_image\" \/>\n<meta name=\"twitter:label1\" content=\"Dur\u00e9e de lecture estim\u00e9e\" \/>\n\t<meta name=\"twitter:data1\" content=\"1 minute\" \/>\n<script type=\"application\/ld+json\" class=\"yoast-schema-graph\">{\"@context\":\"https:\\\/\\\/schema.org\",\"@graph\":[{\"@type\":\"WebPage\",\"@id\":\"https:\\\/\\\/daphneimmobilier.com\\\/fr\\\/politique-de-confidentialite\\\/\",\"url\":\"https:\\\/\\\/daphneimmobilier.com\\\/fr\\\/politique-de-confidentialite\\\/\",\"name\":\"Politique de confidentialit\u00e9 - Daphne Immobilier\",\"isPartOf\":{\"@id\":\"https:\\\/\\\/daphneimmobilier.com\\\/#website\"},\"primaryImageOfPage\":{\"@id\":\"https:\\\/\\\/daphneimmobilier.com\\\/fr\\\/politique-de-confidentialite\\\/#primaryimage\"},\"image\":{\"@id\":\"https:\\\/\\\/daphneimmobilier.com\\\/fr\\\/politique-de-confidentialite\\\/#primaryimage\"},\"thumbnailUrl\":\"https:\\\/\\\/daphneimmobilier.com\\\/wp-content\\\/uploads\\\/2024\\\/07\\\/Logo-2-Gold-no-background-279x383.png\",\"datePublished\":\"2024-06-13T03:22:38+00:00\",\"dateModified\":\"2024-08-13T20:58:14+00:00\",\"breadcrumb\":{\"@id\":\"https:\\\/\\\/daphneimmobilier.com\\\/fr\\\/politique-de-confidentialite\\\/#breadcrumb\"},\"inLanguage\":\"fr-FR\",\"potentialAction\":[{\"@type\":\"ReadAction\",\"target\":[\"https:\\\/\\\/daphneimmobilier.com\\\/fr\\\/politique-de-confidentialite\\\/\"]}]},{\"@type\":\"ImageObject\",\"inLanguage\":\"fr-FR\",\"@id\":\"https:\\\/\\\/daphneimmobilier.com\\\/fr\\\/politique-de-confidentialite\\\/#primaryimage\",\"url\":\"https:\\\/\\\/daphneimmobilier.com\\\/wp-content\\\/uploads\\\/2024\\\/07\\\/Logo-2-Gold-no-background-279x383.png\",\"contentUrl\":\"https:\\\/\\\/daphneimmobilier.com\\\/wp-content\\\/uploads\\\/2024\\\/07\\\/Logo-2-Gold-no-background-279x383.png\"},{\"@type\":\"BreadcrumbList\",\"@id\":\"https:\\\/\\\/daphneimmobilier.com\\\/fr\\\/politique-de-confidentialite\\\/#breadcrumb\",\"itemListElement\":[{\"@type\":\"ListItem\",\"position\":1,\"name\":\"Home\",\"item\":\"https:\\\/\\\/daphneimmobilier.com\\\/fr\\\/\"},{\"@type\":\"ListItem\",\"position\":2,\"name\":\"Politique de confidentialit\u00e9\"}]},{\"@type\":\"WebSite\",\"@id\":\"https:\\\/\\\/daphneimmobilier.com\\\/#website\",\"url\":\"https:\\\/\\\/daphneimmobilier.com\\\/\",\"name\":\"Daphne Immobilier\",\"description\":\"Daphne Immobilier is an independent real estate broker based in Montreal, Quebec\",\"publisher\":{\"@id\":\"https:\\\/\\\/daphneimmobilier.com\\\/#organization\"},\"potentialAction\":[{\"@type\":\"SearchAction\",\"target\":{\"@type\":\"EntryPoint\",\"urlTemplate\":\"https:\\\/\\\/daphneimmobilier.com\\\/?s={search_term_string}\"},\"query-input\":{\"@type\":\"PropertyValueSpecification\",\"valueRequired\":true,\"valueName\":\"search_term_string\"}}],\"inLanguage\":\"fr-FR\"},{\"@type\":\"Organization\",\"@id\":\"https:\\\/\\\/daphneimmobilier.com\\\/#organization\",\"name\":\"Daphne Immobilier\",\"url\":\"https:\\\/\\\/daphneimmobilier.com\\\/\",\"logo\":{\"@type\":\"ImageObject\",\"inLanguage\":\"fr-FR\",\"@id\":\"https:\\\/\\\/daphneimmobilier.com\\\/#\\\/schema\\\/logo\\\/image\\\/\",\"url\":\"https:\\\/\\\/daphneimmobilier.com\\\/wp-content\\\/uploads\\\/2024\\\/07\\\/Logo-2-Gold-no-background.png\",\"contentUrl\":\"https:\\\/\\\/daphneimmobilier.com\\\/wp-content\\\/uploads\\\/2024\\\/07\\\/Logo-2-Gold-no-background.png\",\"width\":336,\"height\":461,\"caption\":\"Daphne Immobilier\"},\"image\":{\"@id\":\"https:\\\/\\\/daphneimmobilier.com\\\/#\\\/schema\\\/logo\\\/image\\\/\"},\"sameAs\":[\"https:\\\/\\\/www.facebook.com\\\/DaphneImmobilier\",\"https:\\\/\\\/www.instagram.com\\\/daphneimmobilier\\\/\"]}]}<\/script>\n<!-- \/ Yoast SEO plugin. -->","yoast_head_json":{"title":"Politique de confidentialit\u00e9 - Daphne Immobilier","robots":{"index":"index","follow":"follow","max-snippet":"max-snippet:-1","max-image-preview":"max-image-preview:large","max-video-preview":"max-video-preview:-1"},"canonical":"https:\/\/daphneimmobilier.com\/fr\/politique-de-confidentialite\/","og_locale":"fr_FR","og_type":"article","og_title":"Politique de confidentialit\u00e9 - Daphne Immobilier","og_description":"Qui suis-je Daphne, Courtier immobilier ind\u00e9pendant. Ce site Web a uniquement pour but de vous permettre d&rsquo;entrer en contact avec [&hellip;]","og_url":"https:\/\/daphneimmobilier.com\/fr\/politique-de-confidentialite\/","og_site_name":"Daphne Immobilier","article_publisher":"https:\/\/www.facebook.com\/DaphneImmobilier","article_modified_time":"2024-08-13T20:58:14+00:00","og_image":[{"url":"https:\/\/daphneimmobilier.com\/wp-content\/uploads\/2024\/07\/Logo-2-Gold-no-background-279x383.png","type":"","width":"","height":""}],"twitter_card":"summary_large_image","twitter_misc":{"Dur\u00e9e de lecture estim\u00e9e":"1 minute"},"schema":{"@context":"https:\/\/schema.org","@graph":[{"@type":"WebPage","@id":"https:\/\/daphneimmobilier.com\/fr\/politique-de-confidentialite\/","url":"https:\/\/daphneimmobilier.com\/fr\/politique-de-confidentialite\/","name":"Politique de confidentialit\u00e9 - Daphne Immobilier","isPartOf":{"@id":"https:\/\/daphneimmobilier.com\/#website"},"primaryImageOfPage":{"@id":"https:\/\/daphneimmobilier.com\/fr\/politique-de-confidentialite\/#primaryimage"},"image":{"@id":"https:\/\/daphneimmobilier.com\/fr\/politique-de-confidentialite\/#primaryimage"},"thumbnailUrl":"https:\/\/daphneimmobilier.com\/wp-content\/uploads\/2024\/07\/Logo-2-Gold-no-background-279x383.png","datePublished":"2024-06-13T03:22:38+00:00","dateModified":"2024-08-13T20:58:14+00:00","breadcrumb":{"@id":"https:\/\/daphneimmobilier.com\/fr\/politique-de-confidentialite\/#breadcrumb"},"inLanguage":"fr-FR","potentialAction":[{"@type":"ReadAction","target":["https:\/\/daphneimmobilier.com\/fr\/politique-de-confidentialite\/"]}]},{"@type":"ImageObject","inLanguage":"fr-FR","@id":"https:\/\/daphneimmobilier.com\/fr\/politique-de-confidentialite\/#primaryimage","url":"https:\/\/daphneimmobilier.com\/wp-content\/uploads\/2024\/07\/Logo-2-Gold-no-background-279x383.png","contentUrl":"https:\/\/daphneimmobilier.com\/wp-content\/uploads\/2024\/07\/Logo-2-Gold-no-background-279x383.png"},{"@type":"BreadcrumbList","@id":"https:\/\/daphneimmobilier.com\/fr\/politique-de-confidentialite\/#breadcrumb","itemListElement":[{"@type":"ListItem","position":1,"name":"Home","item":"https:\/\/daphneimmobilier.com\/fr\/"},{"@type":"ListItem","position":2,"name":"Politique de confidentialit\u00e9"}]},{"@type":"WebSite","@id":"https:\/\/daphneimmobilier.com\/#website","url":"https:\/\/daphneimmobilier.com\/","name":"Daphne Immobilier","description":"Daphne Immobilier is an independent real estate broker based in Montreal, Quebec","publisher":{"@id":"https:\/\/daphneimmobilier.com\/#organization"},"potentialAction":[{"@type":"SearchAction","target":{"@type":"EntryPoint","urlTemplate":"https:\/\/daphneimmobilier.com\/?s={search_term_string}"},"query-input":{"@type":"PropertyValueSpecification","valueRequired":true,"valueName":"search_term_string"}}],"inLanguage":"fr-FR"},{"@type":"Organization","@id":"https:\/\/daphneimmobilier.com\/#organization","name":"Daphne Immobilier","url":"https:\/\/daphneimmobilier.com\/","logo":{"@type":"ImageObject","inLanguage":"fr-FR","@id":"https:\/\/daphneimmobilier.com\/#\/schema\/logo\/image\/","url":"https:\/\/daphneimmobilier.com\/wp-content\/uploads\/2024\/07\/Logo-2-Gold-no-background.png","contentUrl":"https:\/\/daphneimmobilier.com\/wp-content\/uploads\/2024\/07\/Logo-2-Gold-no-background.png","width":336,"height":461,"caption":"Daphne Immobilier"},"image":{"@id":"https:\/\/daphneimmobilier.com\/#\/schema\/logo\/image\/"},"sameAs":["https:\/\/www.facebook.com\/DaphneImmobilier","https:\/\/www.instagram.com\/daphneimmobilier\/"]}]}},"_links":{"self":[{"href":"https:\/\/daphneimmobilier.com\/fr\/wp-json\/wp\/v2\/pages\/858","targetHints":{"allow":["GET"]}}],"collection":[{"href":"https:\/\/daphneimmobilier.com\/fr\/wp-json\/wp\/v2\/pages"}],"about":[{"href":"https:\/\/daphneimmobilier.com\/fr\/wp-json\/wp\/v2\/types\/page"}],"author":[{"embeddable":true,"href":"https:\/\/daphneimmobilier.com\/fr\/wp-json\/wp\/v2\/users\/1"}],"replies":[{"embeddable":true,"href":"https:\/\/daphneimmobilier.com\/fr\/wp-json\/wp\/v2\/comments?post=858"}],"version-history":[{"count":6,"href":"https:\/\/daphneimmobilier.com\/fr\/wp-json\/wp\/v2\/pages\/858\/revisions"}],"predecessor-version":[{"id":1441,"href":"https:\/\/daphneimmobilier.com\/fr\/wp-json\/wp\/v2\/pages\/858\/revisions\/1441"}],"wp:attachment":[{"href":"https:\/\/daphneimmobilier.com\/fr\/wp-json\/wp\/v2\/media?parent=858"}],"curies":[{"name":"wp","href":"https:\/\/api.w.org\/{rel}","templated":true}]}}