{"id":856,"date":"2024-06-13T03:22:38","date_gmt":"2024-06-13T03:22:38","guid":{"rendered":"https:\/\/daphneimmobilier.com\/?page_id=856"},"modified":"2024-08-13T23:16:31","modified_gmt":"2024-08-13T23:16:31","slug":"politica-de-privacidad","status":"publish","type":"page","link":"https:\/\/daphneimmobilier.com\/es\/politica-de-privacidad\/","title":{"rendered":"Pol\u00edtica de privacidad"},"content":{"rendered":"\t\t<div data-elementor-type=\"wp-page\" data-elementor-id=\"856\" class=\"elementor elementor-856 elementor-3\" data-elementor-post-type=\"page\">\n\t\t\t\t<div class=\"elementor-element elementor-element-b33d458 e-flex e-con-boxed e-con e-parent\" data-id=\"b33d458\" data-element_type=\"container\" data-e-type=\"container\" data-settings=\"{&quot;background_background&quot;:&quot;classic&quot;}\">\n\t\t\t\t\t<div class=\"e-con-inner\">\n\t\t\t\t\t<\/div>\n\t\t\t\t<\/div>\n\t\t<div class=\"elementor-element elementor-element-f09aec e-flex e-con-boxed e-con e-parent\" data-id=\"f09aec\" data-element_type=\"container\" data-e-type=\"container\">\n\t\t\t\t\t<div class=\"e-con-inner\">\n\t\t\t\t<div class=\"elementor-element elementor-element-3fcc08b3 elementor-widget elementor-widget-text-editor\" data-id=\"3fcc08b3\" data-element_type=\"widget\" data-e-type=\"widget\" data-widget_type=\"text-editor.default\">\n\t\t\t\t<div class=\"elementor-widget-container\">\n\t\t\t\t\t\t\t\t\t<p><strong>Qui\u00e9n soy<\/strong><\/p>\n<p>Daphne, corredora de bienes ra\u00edces independiente. Este sitio s\u00f3lo pretende que usted y yo nos pongamos en contacto y que usted obtenga informaci\u00f3n sobre m\u00ed.<\/p>\n<p><strong>Con qui\u00e9n comparto tus datos<\/strong><\/p>\n<p>Nadie. Seg\u00fan nuestro c\u00f3digo deontol\u00f3gico, como agentes inmobiliarios en Quebec, nos est\u00e1 prohibido compartir sus datos de contacto; siempre ser\u00e1n confidenciales. Sin embargo, si usted y yo estamos en una transacci\u00f3n, su informaci\u00f3n s\u00f3lo se compartir\u00e1 con OACIQ (el organismo gubernamental que nos regula) y APCIQ (nuestra asociaci\u00f3n profesional que nos proporciona Centris para la publicaci\u00f3n de nuestras propiedadades &#8211; listings. Tenga en cuenta que los corredores tendr\u00e1n acceso a su informaci\u00f3n s\u00f3lo para realizar trabajos inmobiliarios). Se le entregar\u00e1 un documento para que lo firme y consienta la divulgaci\u00f3n de informaci\u00f3n para este asunto previo a una transacci\u00f3n (esto es obligatorio para nosotros).<\/p>\t\t\t\t\t\t\t\t<\/div>\n\t\t\t\t<\/div>\n\t\t\t\t\t<\/div>\n\t\t\t\t<\/div>\n\t\t\t\t<\/div>\n\t\t","protected":false},"excerpt":{"rendered":"<p>Qui\u00e9n soy Daphne, corredora de bienes ra\u00edces independiente. Este sitio s\u00f3lo pretende que usted y yo nos pongamos en contacto [&hellip;]<\/p>\n","protected":false},"author":1,"featured_media":0,"parent":0,"menu_order":0,"comment_status":"closed","ping_status":"open","template":"elementor_canvas","meta":{"content-type":"","site-sidebar-layout":"default","site-content-layout":"","ast-site-content-layout":"default","site-content-style":"default","site-sidebar-style":"default","ast-global-header-display":"","ast-banner-title-visibility":"","ast-main-header-display":"","ast-hfb-above-header-display":"","ast-hfb-below-header-display":"","ast-hfb-mobile-header-display":"","site-post-title":"","ast-breadcrumbs-content":"","ast-featured-img":"","footer-sml-layout":"","theme-transparent-header-meta":"","adv-header-id-meta":"","stick-header-meta":"","header-above-stick-meta":"","header-main-stick-meta":"","header-below-stick-meta":"","astra-migrate-meta-layouts":"default","ast-page-background-enabled":"default","ast-page-background-meta":{"desktop":{"background-color":"var(--ast-global-color-4)","background-image":"","background-repeat":"repeat","background-position":"center center","background-size":"auto","background-attachment":"scroll","background-type":"","background-media":"","overlay-type":"","overlay-color":"","overlay-opacity":"","overlay-gradient":""},"tablet":{"background-color":"","background-image":"","background-repeat":"repeat","background-position":"center center","background-size":"auto","background-attachment":"scroll","background-type":"","background-media":"","overlay-type":"","overlay-color":"","overlay-opacity":"","overlay-gradient":""},"mobile":{"background-color":"","background-image":"","background-repeat":"repeat","background-position":"center center","background-size":"auto","background-attachment":"scroll","background-type":"","background-media":"","overlay-type":"","overlay-color":"","overlay-opacity":"","overlay-gradient":""}},"ast-content-background-meta":{"desktop":{"background-color":"var(--ast-global-color-5)","background-image":"","background-repeat":"repeat","background-position":"center center","background-size":"auto","background-attachment":"scroll","background-type":"","background-media":"","overlay-type":"","overlay-color":"","overlay-opacity":"","overlay-gradient":""},"tablet":{"background-color":"var(--ast-global-color-5)","background-image":"","background-repeat":"repeat","background-position":"center center","background-size":"auto","background-attachment":"scroll","background-type":"","background-media":"","overlay-type":"","overlay-color":"","overlay-opacity":"","overlay-gradient":""},"mobile":{"background-color":"var(--ast-global-color-5)","background-image":"","background-repeat":"repeat","background-position":"center center","background-size":"auto","background-attachment":"scroll","background-type":"","background-media":"","overlay-type":"","overlay-color":"","overlay-opacity":"","overlay-gradient":""}},"_joinchat":[],"footnotes":""},"class_list":["post-856","page","type-page","status-publish","hentry"],"yoast_head":"<!-- This site is optimized with the Yoast SEO plugin v27.4 - https:\/\/yoast.com\/product\/yoast-seo-wordpress\/ -->\n<title>Pol\u00edtica de privacidad - Daphne Immobilier<\/title>\n<meta name=\"robots\" content=\"index, follow, max-snippet:-1, max-image-preview:large, max-video-preview:-1\" \/>\n<link rel=\"canonical\" href=\"https:\/\/daphneimmobilier.com\/es\/politica-de-privacidad\/\" \/>\n<meta property=\"og:locale\" content=\"es_ES\" \/>\n<meta property=\"og:type\" content=\"article\" \/>\n<meta property=\"og:title\" content=\"Pol\u00edtica de privacidad - Daphne Immobilier\" \/>\n<meta property=\"og:description\" content=\"Qui\u00e9n soy Daphne, corredora de bienes ra\u00edces independiente. Este sitio s\u00f3lo pretende que usted y yo nos pongamos en contacto [&hellip;]\" \/>\n<meta property=\"og:url\" content=\"https:\/\/daphneimmobilier.com\/es\/politica-de-privacidad\/\" \/>\n<meta property=\"og:site_name\" content=\"Daphne Immobilier\" \/>\n<meta property=\"article:publisher\" content=\"https:\/\/www.facebook.com\/DaphneImmobilier\" \/>\n<meta property=\"article:modified_time\" content=\"2024-08-13T23:16:31+00:00\" \/>\n<meta property=\"og:image\" content=\"https:\/\/daphneimmobilier.com\/wp-content\/uploads\/2024\/07\/Logo-2-Gold-no-background-279x383.png\" \/>\n<meta name=\"twitter:card\" content=\"summary_large_image\" \/>\n<meta name=\"twitter:label1\" content=\"Tiempo de lectura\" \/>\n\t<meta name=\"twitter:data1\" content=\"1 minuto\" \/>\n<script type=\"application\/ld+json\" class=\"yoast-schema-graph\">{\"@context\":\"https:\\\/\\\/schema.org\",\"@graph\":[{\"@type\":\"WebPage\",\"@id\":\"https:\\\/\\\/daphneimmobilier.com\\\/es\\\/politica-de-privacidad\\\/\",\"url\":\"https:\\\/\\\/daphneimmobilier.com\\\/es\\\/politica-de-privacidad\\\/\",\"name\":\"Pol\u00edtica de privacidad - Daphne Immobilier\",\"isPartOf\":{\"@id\":\"https:\\\/\\\/daphneimmobilier.com\\\/#website\"},\"primaryImageOfPage\":{\"@id\":\"https:\\\/\\\/daphneimmobilier.com\\\/es\\\/politica-de-privacidad\\\/#primaryimage\"},\"image\":{\"@id\":\"https:\\\/\\\/daphneimmobilier.com\\\/es\\\/politica-de-privacidad\\\/#primaryimage\"},\"thumbnailUrl\":\"https:\\\/\\\/daphneimmobilier.com\\\/wp-content\\\/uploads\\\/2024\\\/07\\\/Logo-2-Gold-no-background-279x383.png\",\"datePublished\":\"2024-06-13T03:22:38+00:00\",\"dateModified\":\"2024-08-13T23:16:31+00:00\",\"breadcrumb\":{\"@id\":\"https:\\\/\\\/daphneimmobilier.com\\\/es\\\/politica-de-privacidad\\\/#breadcrumb\"},\"inLanguage\":\"es\",\"potentialAction\":[{\"@type\":\"ReadAction\",\"target\":[\"https:\\\/\\\/daphneimmobilier.com\\\/es\\\/politica-de-privacidad\\\/\"]}]},{\"@type\":\"ImageObject\",\"inLanguage\":\"es\",\"@id\":\"https:\\\/\\\/daphneimmobilier.com\\\/es\\\/politica-de-privacidad\\\/#primaryimage\",\"url\":\"https:\\\/\\\/daphneimmobilier.com\\\/wp-content\\\/uploads\\\/2024\\\/07\\\/Logo-2-Gold-no-background-279x383.png\",\"contentUrl\":\"https:\\\/\\\/daphneimmobilier.com\\\/wp-content\\\/uploads\\\/2024\\\/07\\\/Logo-2-Gold-no-background-279x383.png\"},{\"@type\":\"BreadcrumbList\",\"@id\":\"https:\\\/\\\/daphneimmobilier.com\\\/es\\\/politica-de-privacidad\\\/#breadcrumb\",\"itemListElement\":[{\"@type\":\"ListItem\",\"position\":1,\"name\":\"Home\",\"item\":\"https:\\\/\\\/daphneimmobilier.com\\\/es\\\/\"},{\"@type\":\"ListItem\",\"position\":2,\"name\":\"Pol\u00edtica de privacidad\"}]},{\"@type\":\"WebSite\",\"@id\":\"https:\\\/\\\/daphneimmobilier.com\\\/#website\",\"url\":\"https:\\\/\\\/daphneimmobilier.com\\\/\",\"name\":\"Daphne Immobilier\",\"description\":\"Daphne Immobilier is an independent real estate broker based in Montreal, Quebec\",\"publisher\":{\"@id\":\"https:\\\/\\\/daphneimmobilier.com\\\/#organization\"},\"potentialAction\":[{\"@type\":\"SearchAction\",\"target\":{\"@type\":\"EntryPoint\",\"urlTemplate\":\"https:\\\/\\\/daphneimmobilier.com\\\/?s={search_term_string}\"},\"query-input\":{\"@type\":\"PropertyValueSpecification\",\"valueRequired\":true,\"valueName\":\"search_term_string\"}}],\"inLanguage\":\"es\"},{\"@type\":\"Organization\",\"@id\":\"https:\\\/\\\/daphneimmobilier.com\\\/#organization\",\"name\":\"Daphne Immobilier\",\"url\":\"https:\\\/\\\/daphneimmobilier.com\\\/\",\"logo\":{\"@type\":\"ImageObject\",\"inLanguage\":\"es\",\"@id\":\"https:\\\/\\\/daphneimmobilier.com\\\/#\\\/schema\\\/logo\\\/image\\\/\",\"url\":\"https:\\\/\\\/daphneimmobilier.com\\\/wp-content\\\/uploads\\\/2024\\\/07\\\/Logo-2-Gold-no-background.png\",\"contentUrl\":\"https:\\\/\\\/daphneimmobilier.com\\\/wp-content\\\/uploads\\\/2024\\\/07\\\/Logo-2-Gold-no-background.png\",\"width\":336,\"height\":461,\"caption\":\"Daphne Immobilier\"},\"image\":{\"@id\":\"https:\\\/\\\/daphneimmobilier.com\\\/#\\\/schema\\\/logo\\\/image\\\/\"},\"sameAs\":[\"https:\\\/\\\/www.facebook.com\\\/DaphneImmobilier\",\"https:\\\/\\\/www.instagram.com\\\/daphneimmobilier\\\/\"]}]}<\/script>\n<!-- \/ Yoast SEO plugin. -->","yoast_head_json":{"title":"Pol\u00edtica de privacidad - Daphne Immobilier","robots":{"index":"index","follow":"follow","max-snippet":"max-snippet:-1","max-image-preview":"max-image-preview:large","max-video-preview":"max-video-preview:-1"},"canonical":"https:\/\/daphneimmobilier.com\/es\/politica-de-privacidad\/","og_locale":"es_ES","og_type":"article","og_title":"Pol\u00edtica de privacidad - Daphne Immobilier","og_description":"Qui\u00e9n soy Daphne, corredora de bienes ra\u00edces independiente. Este sitio s\u00f3lo pretende que usted y yo nos pongamos en contacto [&hellip;]","og_url":"https:\/\/daphneimmobilier.com\/es\/politica-de-privacidad\/","og_site_name":"Daphne Immobilier","article_publisher":"https:\/\/www.facebook.com\/DaphneImmobilier","article_modified_time":"2024-08-13T23:16:31+00:00","og_image":[{"url":"https:\/\/daphneimmobilier.com\/wp-content\/uploads\/2024\/07\/Logo-2-Gold-no-background-279x383.png","type":"","width":"","height":""}],"twitter_card":"summary_large_image","twitter_misc":{"Tiempo de lectura":"1 minuto"},"schema":{"@context":"https:\/\/schema.org","@graph":[{"@type":"WebPage","@id":"https:\/\/daphneimmobilier.com\/es\/politica-de-privacidad\/","url":"https:\/\/daphneimmobilier.com\/es\/politica-de-privacidad\/","name":"Pol\u00edtica de privacidad - Daphne Immobilier","isPartOf":{"@id":"https:\/\/daphneimmobilier.com\/#website"},"primaryImageOfPage":{"@id":"https:\/\/daphneimmobilier.com\/es\/politica-de-privacidad\/#primaryimage"},"image":{"@id":"https:\/\/daphneimmobilier.com\/es\/politica-de-privacidad\/#primaryimage"},"thumbnailUrl":"https:\/\/daphneimmobilier.com\/wp-content\/uploads\/2024\/07\/Logo-2-Gold-no-background-279x383.png","datePublished":"2024-06-13T03:22:38+00:00","dateModified":"2024-08-13T23:16:31+00:00","breadcrumb":{"@id":"https:\/\/daphneimmobilier.com\/es\/politica-de-privacidad\/#breadcrumb"},"inLanguage":"es","potentialAction":[{"@type":"ReadAction","target":["https:\/\/daphneimmobilier.com\/es\/politica-de-privacidad\/"]}]},{"@type":"ImageObject","inLanguage":"es","@id":"https:\/\/daphneimmobilier.com\/es\/politica-de-privacidad\/#primaryimage","url":"https:\/\/daphneimmobilier.com\/wp-content\/uploads\/2024\/07\/Logo-2-Gold-no-background-279x383.png","contentUrl":"https:\/\/daphneimmobilier.com\/wp-content\/uploads\/2024\/07\/Logo-2-Gold-no-background-279x383.png"},{"@type":"BreadcrumbList","@id":"https:\/\/daphneimmobilier.com\/es\/politica-de-privacidad\/#breadcrumb","itemListElement":[{"@type":"ListItem","position":1,"name":"Home","item":"https:\/\/daphneimmobilier.com\/es\/"},{"@type":"ListItem","position":2,"name":"Pol\u00edtica de privacidad"}]},{"@type":"WebSite","@id":"https:\/\/daphneimmobilier.com\/#website","url":"https:\/\/daphneimmobilier.com\/","name":"Daphne Immobilier","description":"Daphne Immobilier is an independent real estate broker based in Montreal, Quebec","publisher":{"@id":"https:\/\/daphneimmobilier.com\/#organization"},"potentialAction":[{"@type":"SearchAction","target":{"@type":"EntryPoint","urlTemplate":"https:\/\/daphneimmobilier.com\/?s={search_term_string}"},"query-input":{"@type":"PropertyValueSpecification","valueRequired":true,"valueName":"search_term_string"}}],"inLanguage":"es"},{"@type":"Organization","@id":"https:\/\/daphneimmobilier.com\/#organization","name":"Daphne Immobilier","url":"https:\/\/daphneimmobilier.com\/","logo":{"@type":"ImageObject","inLanguage":"es","@id":"https:\/\/daphneimmobilier.com\/#\/schema\/logo\/image\/","url":"https:\/\/daphneimmobilier.com\/wp-content\/uploads\/2024\/07\/Logo-2-Gold-no-background.png","contentUrl":"https:\/\/daphneimmobilier.com\/wp-content\/uploads\/2024\/07\/Logo-2-Gold-no-background.png","width":336,"height":461,"caption":"Daphne Immobilier"},"image":{"@id":"https:\/\/daphneimmobilier.com\/#\/schema\/logo\/image\/"},"sameAs":["https:\/\/www.facebook.com\/DaphneImmobilier","https:\/\/www.instagram.com\/daphneimmobilier\/"]}]}},"_links":{"self":[{"href":"https:\/\/daphneimmobilier.com\/es\/wp-json\/wp\/v2\/pages\/856","targetHints":{"allow":["GET"]}}],"collection":[{"href":"https:\/\/daphneimmobilier.com\/es\/wp-json\/wp\/v2\/pages"}],"about":[{"href":"https:\/\/daphneimmobilier.com\/es\/wp-json\/wp\/v2\/types\/page"}],"author":[{"embeddable":true,"href":"https:\/\/daphneimmobilier.com\/es\/wp-json\/wp\/v2\/users\/1"}],"replies":[{"embeddable":true,"href":"https:\/\/daphneimmobilier.com\/es\/wp-json\/wp\/v2\/comments?post=856"}],"version-history":[{"count":11,"href":"https:\/\/daphneimmobilier.com\/es\/wp-json\/wp\/v2\/pages\/856\/revisions"}],"predecessor-version":[{"id":1481,"href":"https:\/\/daphneimmobilier.com\/es\/wp-json\/wp\/v2\/pages\/856\/revisions\/1481"}],"wp:attachment":[{"href":"https:\/\/daphneimmobilier.com\/es\/wp-json\/wp\/v2\/media?parent=856"}],"curies":[{"name":"wp","href":"https:\/\/api.w.org\/{rel}","templated":true}]}}